{"id":109,"date":"2014-07-16T14:19:42","date_gmt":"2014-07-16T13:19:42","guid":{"rendered":"http:\/\/www.acj-poitiers.fr\/?page_id=109"},"modified":"2025-08-19T02:04:20","modified_gmt":"2025-08-19T01:04:20","slug":"la-cotisation","status":"publish","type":"page","link":"https:\/\/www.acj-poitiers.fr\/?page_id=109","title":{"rendered":"La cotisation"},"content":{"rendered":"<p><span style=\"font-family: arial, helvetica, sans-serif;\">Co\u00fbt de l\u2019adh\u00e9sion en 2025\/2026 :<\/span><\/p>\n<ul>\n<li><span style=\"font-family: arial, helvetica, sans-serif;\">adulte \u00e0 partir de 26 ans : <strong>130 \u20ac<br \/>\n<\/strong><span style=\"font-size: 10pt;\">dont 50 \u20ac \u00e0 ACJ National et 80 \u20ac \u00e0 ACJ-Poitiers<\/span><\/span><\/li>\n<li><span style=\"font-family: arial, helvetica, sans-serif;\">moins de 26 ans, \u00e9tudiant &amp; ch\u00f4meur : <strong>75 \u20ac<br \/>\n<\/strong><span style=\"font-size: 10pt;\">dont 25 \u20ac \u00e0 ACJ National et 50 \u20ac \u00e0 ACJ-Poitiers<\/span><\/span><\/li>\n<\/ul>\n<p><span style=\"font-family: arial, helvetica, sans-serif;\"><em>L\u2019association \u00ab \u00c0 C\u0153ur Joie \u00bb \u00e9tant reconnue d\u2019utilit\u00e9 publique, la part de la cotisation vers\u00e9e \u00e0 ACJ National ouvre droit \u00e0 une r\u00e9duction d&rsquo;imp\u00f4t de 66%.<\/em><\/span><\/p>\n<p><span style=\"font-family: arial, helvetica, sans-serif;\">Apr\u00e8s d\u00e9duction fiscale, votre cotisation revient \u00e0 :<\/span><\/p>\n<ul>\n<li><span style=\"font-family: arial, helvetica, sans-serif;\">adulte \u00e0 partir de 26 ans : <strong>97 \u20ac<\/strong><\/span><\/li>\n<li><span style=\"font-family: arial, helvetica, sans-serif;\">moins de 26 ans, \u00e9tudiant &amp; ch\u00f4meur : <strong>58,50 \u20ac<\/strong><\/span><\/li>\n<\/ul>\n","protected":false},"excerpt":{"rendered":"<p>Co\u00fbt de l\u2019adh\u00e9sion en 2025\/2026 : adulte \u00e0 partir de 26 ans : 130 \u20ac dont 50 \u20ac \u00e0 ACJ National et 80 \u20ac \u00e0 ACJ-Poitiers moins de 26 ans, \u00e9tudiant &amp; ch\u00f4meur : 75 \u20ac dont 25 \u20ac \u00e0 ACJ National et 50 \u20ac \u00e0 ACJ-Poitiers L\u2019association \u00ab \u00c0 C\u0153ur Joie \u00bb \u00e9tant reconnue d\u2019utilit\u00e9 publique, la part de la cotisation vers\u00e9e \u00e0 ACJ National ouvre droit \u00e0 une r\u00e9duction d&rsquo;imp\u00f4t de 66%. Apr\u00e8s d\u00e9duction fiscale, votre cotisation revient \u00e0 : adulte \u00e0 partir de 26 ans : 97 \u20ac moins de 26 ans, \u00e9tudiant &amp; ch\u00f4meur : 58,50&#46;&#46;&#46;<\/p>\n","protected":false},"author":4,"featured_media":0,"parent":0,"menu_order":0,"comment_status":"closed","ping_status":"closed","template":"","meta":{"footnotes":""},"class_list":["post-109","page","type-page","status-publish","hentry"],"_links":{"self":[{"href":"https:\/\/www.acj-poitiers.fr\/index.php?rest_route=\/wp\/v2\/pages\/109","targetHints":{"allow":["GET"]}}],"collection":[{"href":"https:\/\/www.acj-poitiers.fr\/index.php?rest_route=\/wp\/v2\/pages"}],"about":[{"href":"https:\/\/www.acj-poitiers.fr\/index.php?rest_route=\/wp\/v2\/types\/page"}],"author":[{"embeddable":true,"href":"https:\/\/www.acj-poitiers.fr\/index.php?rest_route=\/wp\/v2\/users\/4"}],"replies":[{"embeddable":true,"href":"https:\/\/www.acj-poitiers.fr\/index.php?rest_route=%2Fwp%2Fv2%2Fcomments&post=109"}],"version-history":[{"count":22,"href":"https:\/\/www.acj-poitiers.fr\/index.php?rest_route=\/wp\/v2\/pages\/109\/revisions"}],"predecessor-version":[{"id":5038,"href":"https:\/\/www.acj-poitiers.fr\/index.php?rest_route=\/wp\/v2\/pages\/109\/revisions\/5038"}],"wp:attachment":[{"href":"https:\/\/www.acj-poitiers.fr\/index.php?rest_route=%2Fwp%2Fv2%2Fmedia&parent=109"}],"curies":[{"name":"wp","href":"https:\/\/api.w.org\/{rel}","templated":true}]}}